{"id":532,"date":"2026-04-17T18:12:19","date_gmt":"2026-04-17T18:12:19","guid":{"rendered":"https:\/\/bryangiunta.com\/?page_id=532"},"modified":"2026-04-17T18:12:19","modified_gmt":"2026-04-17T18:12:19","slug":"politicas-de-cookies","status":"publish","type":"page","link":"https:\/\/bryangiunta.com\/index.php\/politicas-de-cookies\/","title":{"rendered":"Pol\u00edticas de Cookies"},"content":{"rendered":"<p>[et_pb_section fb_built=\u00bb1&#8243; theme_builder_area=\u00bbpost_content\u00bb _builder_version=\u00bb4.27.5&#8243; _module_preset=\u00bbdefault\u00bb background_color=\u00bb#000000&#8243; hover_enabled=\u00bb0&#8243; sticky_enabled=\u00bb0&#8243;][et_pb_row _builder_version=\u00bb4.27.5&#8243; _module_preset=\u00bbdefault\u00bb theme_builder_area=\u00bbpost_content\u00bb hover_enabled=\u00bb0&#8243; sticky_enabled=\u00bb0&#8243;][et_pb_column _builder_version=\u00bb4.27.5&#8243; _module_preset=\u00bbdefault\u00bb type=\u00bb4_4&#8243; theme_builder_area=\u00bbpost_content\u00bb][et_pb_post_title _builder_version=\u00bb4.27.5&#8243; _module_preset=\u00bbdefault\u00bb theme_builder_area=\u00bbpost_content\u00bb title_font=\u00bbBebas Neue||||||||\u00bb hover_enabled=\u00bb0&#8243; sticky_enabled=\u00bb0&#8243; meta_text_color=\u00bb#0a0a0a\u00bb title_text_color=\u00bb#ffc629&#8243; title_font_size=\u00bb50px\u00bb][\/et_pb_post_title][\/et_pb_column][\/et_pb_row][et_pb_row _builder_version=\u00bb4.27.5&#8243; _module_preset=\u00bbdefault\u00bb theme_builder_area=\u00bbpost_content\u00bb][et_pb_column _builder_version=\u00bb4.27.5&#8243; _module_preset=\u00bbdefault\u00bb type=\u00bb4_4&#8243; theme_builder_area=\u00bbpost_content\u00bb][et_pb_text _builder_version=\u00bb4.27.5&#8243; _module_preset=\u00bbdefault\u00bb theme_builder_area=\u00bbpost_content\u00bb header_2_font=\u00bbRajdhani|||on|||||\u00bb header_2_text_color=\u00bb#ffc629&#8243; hover_enabled=\u00bb0&#8243; sticky_enabled=\u00bb0&#8243;]<\/p>\n<h2><strong>Titular del sitio web<\/strong><\/h2>\n<p>[\/et_pb_text][\/et_pb_column][\/et_pb_row][et_pb_row _builder_version=\u00bb4.27.5&#8243; _module_preset=\u00bbdefault\u00bb theme_builder_area=\u00bbpost_content\u00bb][et_pb_column _builder_version=\u00bb4.27.5&#8243; _module_preset=\u00bbdefault\u00bb type=\u00bb4_4&#8243; theme_builder_area=\u00bbpost_content\u00bb][et_pb_text _builder_version=\u00bb4.27.5&#8243; _module_preset=\u00bbdefault\u00bb theme_builder_area=\u00bbpost_content\u00bb text_font=\u00bbRajdhani||||||||\u00bb text_font_size=\u00bb20px\u00bb text_text_color=\u00bb#FFFFFF\u00bb hover_enabled=\u00bb0&#8243; sticky_enabled=\u00bb0&#8243;]<\/p>\n<p>En cumplimiento de la normativa vigente, se informa que el sitio web es titularidad de:<\/p>\n<p>Titular: Bryan Giunta<br \/>Actividad: Entrenador personal y representante de B-FIT<br \/>Correo electr\u00f3nico de contacto: bf.evolucionreal@gmail.com<\/p>\n<p>Sitio web: https:\/\/bryangiunta.com\/<\/p>\n<p>[\/et_pb_text][et_pb_text _builder_version=\u00bb4.27.5&#8243; _module_preset=\u00bbdefault\u00bb theme_builder_area=\u00bbpost_content\u00bb header_2_font=\u00bbRajdhani|||on|||||\u00bb header_2_text_color=\u00bb#ffc629&#8243; hover_enabled=\u00bb0&#8243; sticky_enabled=\u00bb0&#8243;]<\/p>\n<h2><strong>TIPOS DE COOKIES UTILIZADAS EN ESTE SITIO WEB<\/strong><\/h2>\n<p>[\/et_pb_text][\/et_pb_column][\/et_pb_row][et_pb_row _builder_version=\u00bb4.27.5&#8243; _module_preset=\u00bbdefault\u00bb theme_builder_area=\u00bbpost_content\u00bb][et_pb_column _builder_version=\u00bb4.27.5&#8243; _module_preset=\u00bbdefault\u00bb type=\u00bb4_4&#8243; theme_builder_area=\u00bbpost_content\u00bb][et_pb_text _builder_version=\u00bb4.27.5&#8243; _module_preset=\u00bbdefault\u00bb theme_builder_area=\u00bbpost_content\u00bb text_font=\u00bbRajdhani||||||||\u00bb text_font_size=\u00bb20px\u00bb text_text_color=\u00bb#FFFFFF\u00bb hover_enabled=\u00bb0&#8243; sticky_enabled=\u00bb0&#8243;]<\/p>\n<p>Este sitio web puede utilizar los siguientes tipos de cookies:<\/p>\n<p><strong><span style=\"color: #ffc629;\">Cookies t\u00e9cnicas<\/span><\/strong><\/p>\n<p>Son necesarias para el correcto funcionamiento del sitio web y permiten al usuario navegar por la p\u00e1gina y utilizar sus diferentes opciones o servicios.<\/p>\n<p><strong><span style=\"color: #ffc629;\">Cookies de seguridad<\/span><\/strong><\/p>\n<p>Este sitio web puede utilizar herramientas de seguridad como Google reCAPTCHA con el fin de proteger los formularios frente al spam y usos abusivos.<\/p>\n<p>Estas herramientas pueden instalar cookies necesarias para verificar que las interacciones son realizadas por personas reales.<\/p>\n<p><strong><span style=\"color: #ffc629;\">Cookies de an\u00e1lisis<\/span><\/strong><\/p>\n<p>En caso de utilizar herramientas de an\u00e1lisis web, estas cookies permiten analizar el comportamiento de los usuarios en el sitio web con el objetivo de mejorar su funcionamiento y la experiencia de navegaci\u00f3n.<\/p>\n<p>&nbsp;<\/p>\n<p>[\/et_pb_text][et_pb_text _builder_version=\u00bb4.27.5&#8243; _module_preset=\u00bbdefault\u00bb theme_builder_area=\u00bbpost_content\u00bb header_2_font=\u00bbRajdhani|||on|||||\u00bb header_2_text_color=\u00bb#ffc629&#8243; hover_enabled=\u00bb0&#8243; sticky_enabled=\u00bb0&#8243;]<\/p>\n<h2><strong>GESTI\u00d3N DE COOKIES<\/strong><\/h2>\n<p>[\/et_pb_text][\/et_pb_column][\/et_pb_row][et_pb_row _builder_version=\u00bb4.27.5&#8243; _module_preset=\u00bbdefault\u00bb theme_builder_area=\u00bbpost_content\u00bb hover_enabled=\u00bb0&#8243; sticky_enabled=\u00bb0&#8243;][et_pb_column _builder_version=\u00bb4.27.5&#8243; _module_preset=\u00bbdefault\u00bb type=\u00bb4_4&#8243; theme_builder_area=\u00bbpost_content\u00bb][et_pb_text _builder_version=\u00bb4.27.5&#8243; _module_preset=\u00bbdefault\u00bb theme_builder_area=\u00bbpost_content\u00bb text_font=\u00bbRajdhani||||||||\u00bb text_font_size=\u00bb20px\u00bb text_text_color=\u00bb#FFFFFF\u00bb hover_enabled=\u00bb0&#8243; sticky_enabled=\u00bb0&#8243;]<\/p>\n<p>El usuario puede permitir, bloquear o eliminar las cookies instaladas en su equipo mediante la configuraci\u00f3n de las opciones del navegador utilizado.<\/p>\n<p>A continuaci\u00f3n se indican enlaces con informaci\u00f3n sobre c\u00f3mo gestionar las cookies en los navegadores m\u00e1s habituales:<\/p>\n<p>Google Chrome<br \/>Mozilla Firefox<br \/>Safari<br \/>Microsoft Edge<\/p>\n<p>&nbsp;<\/p>\n<p>[\/et_pb_text][et_pb_text _builder_version=\u00bb4.27.5&#8243; _module_preset=\u00bbdefault\u00bb theme_builder_area=\u00bbpost_content\u00bb header_2_font=\u00bbRajdhani|||on|||||\u00bb header_2_text_color=\u00bb#ffc629&#8243; hover_enabled=\u00bb0&#8243; sticky_enabled=\u00bb0&#8243;]<\/p>\n<h2><strong>ACEPTACI\u00d3N DE LA POL\u00cdTICAS DE COOKIES<\/strong><\/h2>\n<p>[\/et_pb_text][et_pb_text _builder_version=\u00bb4.27.5&#8243; _module_preset=\u00bbdefault\u00bb theme_builder_area=\u00bbpost_content\u00bb text_font=\u00bbRajdhani||||||||\u00bb text_font_size=\u00bb20px\u00bb text_text_color=\u00bb#FFFFFF\u00bb hover_enabled=\u00bb0&#8243; sticky_enabled=\u00bb0&#8243; custom_margin=\u00bb3px||||false|false\u00bb text_line_height=\u00bb1.2em\u00bb]<\/p>\n<p>Al navegar por este sitio web, el usuario acepta el uso de cookies en las condiciones contenidas en la presente Pol\u00edtica de Cookies. El usuario puede modificar la configuraci\u00f3n de su navegador en cualquier momento para restringir o bloquear el uso de cookies.<\/p>\n<p>[\/et_pb_text][et_pb_text _builder_version=\u00bb4.27.5&#8243; _module_preset=\u00bbdefault\u00bb theme_builder_area=\u00bbpost_content\u00bb header_2_font=\u00bbRajdhani|||on|||||\u00bb header_2_text_color=\u00bb#ffc629&#8243; hover_enabled=\u00bb0&#8243; sticky_enabled=\u00bb0&#8243;]<\/p>\n<h2><strong>CAMBIOS EN LAS POL\u00cdTICAS DE COOKIES<\/strong><\/h2>\n<p>[\/et_pb_text][et_pb_text _builder_version=\u00bb4.27.5&#8243; _module_preset=\u00bbdefault\u00bb theme_builder_area=\u00bbpost_content\u00bb text_font=\u00bbRajdhani||||||||\u00bb text_font_size=\u00bb20px\u00bb text_text_color=\u00bb#FFFFFF\u00bb hover_enabled=\u00bb0&#8243; sticky_enabled=\u00bb0&#8243;]<\/p>\n<p>El titular del sitio web se reserva el derecho de modificar la presente pol\u00edtica de cookies para adaptarla a novedades legislativas o cambios en el funcionamiento del sitio web.<\/p>\n<p>&nbsp;<\/p>\n<p>[\/et_pb_text][\/et_pb_column][\/et_pb_row][\/et_pb_section]<\/p>\n","protected":false},"excerpt":{"rendered":"<p>Titular del sitio webEn cumplimiento de la normativa vigente, se informa que el sitio web es titularidad de: Titular: Bryan GiuntaActividad: Entrenador personal y representante de B-FITCorreo electr\u00f3nico de contacto: bf.evolucionreal@gmail.com Sitio web: https:\/\/bryangiunta.com\/TIPOS DE COOKIES UTILIZADAS EN ESTE SITIO WEBEste sitio web puede utilizar los siguientes tipos de cookies: Cookies t\u00e9cnicas Son necesarias para [&hellip;]<\/p>\n","protected":false},"author":1,"featured_media":0,"parent":0,"menu_order":0,"comment_status":"closed","ping_status":"closed","template":"","meta":{"_et_pb_use_builder":"on","_et_pb_old_content":"","_et_gb_content_width":"","_themeisle_gutenberg_block_has_review":false,"footnotes":""},"class_list":["post-532","page","type-page","status-publish","hentry"],"_links":{"self":[{"href":"https:\/\/bryangiunta.com\/index.php\/wp-json\/wp\/v2\/pages\/532","targetHints":{"allow":["GET"]}}],"collection":[{"href":"https:\/\/bryangiunta.com\/index.php\/wp-json\/wp\/v2\/pages"}],"about":[{"href":"https:\/\/bryangiunta.com\/index.php\/wp-json\/wp\/v2\/types\/page"}],"author":[{"embeddable":true,"href":"https:\/\/bryangiunta.com\/index.php\/wp-json\/wp\/v2\/users\/1"}],"replies":[{"embeddable":true,"href":"https:\/\/bryangiunta.com\/index.php\/wp-json\/wp\/v2\/comments?post=532"}],"version-history":[{"count":2,"href":"https:\/\/bryangiunta.com\/index.php\/wp-json\/wp\/v2\/pages\/532\/revisions"}],"predecessor-version":[{"id":536,"href":"https:\/\/bryangiunta.com\/index.php\/wp-json\/wp\/v2\/pages\/532\/revisions\/536"}],"wp:attachment":[{"href":"https:\/\/bryangiunta.com\/index.php\/wp-json\/wp\/v2\/media?parent=532"}],"curies":[{"name":"wp","href":"https:\/\/api.w.org\/{rel}","templated":true}]}}